{"id":79,"date":"2025-11-29T02:29:35","date_gmt":"2025-11-29T02:29:35","guid":{"rendered":"https:\/\/diving.123websitedev.com\/?page_id=79"},"modified":"2026-04-07T10:08:14","modified_gmt":"2026-04-07T03:08:14","slug":"home","status":"publish","type":"page","link":"https:\/\/nhatrangdivingclub.com\/vi\/","title":{"rendered":"Trang ch\u1ee7"},"content":{"rendered":"","protected":false},"excerpt":{"rendered":"","protected":false},"author":1,"featured_media":328,"parent":0,"menu_order":0,"comment_status":"closed","ping_status":"closed","template":"template-home.php","meta":{"footnotes":""},"class_list":["post-79","page","type-page","status-publish","has-post-thumbnail","hentry"],"acf":[],"yoast_head":"<!-- This site is optimized with the Yoast SEO Premium plugin v25.6 (Yoast SEO v26.5) - https:\/\/yoast.com\/wordpress\/plugins\/seo\/ -->\n<title>Dive Vietnam with SSI | Nha Trang Diving | Phu Quoc Diving<\/title>\n<meta name=\"description\" content=\"Discover the best dive spots in Vietnam and start your SSI certification journey with us. Whether you\u2019re a beginner or an experienced diver, we have the perfect course and trip for you.\" \/>\n<meta name=\"robots\" content=\"index, follow, max-snippet:-1, max-image-preview:large, max-video-preview:-1\" \/>\n<link rel=\"canonical\" href=\"https:\/\/nhatrangdivingclub.com\/vi\/\" \/>\n<meta property=\"og:locale\" content=\"vi_VN\" \/>\n<meta property=\"og:type\" content=\"article\" \/>\n<meta property=\"og:title\" content=\"Home\" \/>\n<meta property=\"og:description\" content=\"Discover the best dive spots in Vietnam and start your SSI certification journey with us. Whether you\u2019re a beginner or an experienced diver, we have the perfect course and trip for you.\" \/>\n<meta property=\"og:url\" content=\"https:\/\/nhatrangdivingclub.com\/vi\/\" \/>\n<meta property=\"og:site_name\" content=\"Nha Trang Diving\" \/>\n<meta property=\"article:modified_time\" content=\"2026-04-07T03:08:14+00:00\" \/>\n<meta property=\"og:image\" content=\"https:\/\/nhatrangdivingclub.com\/wp-content\/uploads\/2025\/12\/Dive-Image-05.jpeg\" \/>\n\t<meta property=\"og:image:width\" content=\"1920\" \/>\n\t<meta property=\"og:image:height\" content=\"1280\" \/>\n\t<meta property=\"og:image:type\" content=\"image\/jpeg\" \/>\n<meta name=\"twitter:card\" content=\"summary_large_image\" \/>\n<meta name=\"twitter:label1\" content=\"\u01af\u1edbc t\u00ednh th\u1eddi gian \u0111\u1ecdc\" \/>\n\t<meta name=\"twitter:data1\" content=\"1 ph\u00fat\" \/>\n<script type=\"application\/ld+json\" class=\"yoast-schema-graph\">{\"@context\":\"https:\/\/schema.org\",\"@graph\":[{\"@type\":\"WebPage\",\"@id\":\"https:\/\/nhatrangdivingclub.com\/\",\"url\":\"https:\/\/nhatrangdivingclub.com\/\",\"name\":\"Dive Vietnam with SSI | Nha Trang Diving | Phu Quoc Diving\",\"isPartOf\":{\"@id\":\"https:\/\/nhatrangdivingclub.com\/#website\"},\"primaryImageOfPage\":{\"@id\":\"https:\/\/nhatrangdivingclub.com\/#primaryimage\"},\"image\":{\"@id\":\"https:\/\/nhatrangdivingclub.com\/#primaryimage\"},\"thumbnailUrl\":\"https:\/\/nhatrangdivingclub.com\/wp-content\/uploads\/2025\/12\/Dive-Image-05.jpeg\",\"datePublished\":\"2025-11-29T02:29:35+00:00\",\"dateModified\":\"2026-04-07T03:08:14+00:00\",\"description\":\"Discover the best dive spots in Vietnam and start your SSI certification journey with us. Whether you\u2019re a beginner or an experienced diver, we have the perfect course and trip for you.\",\"breadcrumb\":{\"@id\":\"https:\/\/nhatrangdivingclub.com\/#breadcrumb\"},\"inLanguage\":\"vi\",\"potentialAction\":[{\"@type\":\"ReadAction\",\"target\":[\"https:\/\/nhatrangdivingclub.com\/\"]}]},{\"@type\":\"ImageObject\",\"inLanguage\":\"vi\",\"@id\":\"https:\/\/nhatrangdivingclub.com\/#primaryimage\",\"url\":\"https:\/\/nhatrangdivingclub.com\/wp-content\/uploads\/2025\/12\/Dive-Image-05.jpeg\",\"contentUrl\":\"https:\/\/nhatrangdivingclub.com\/wp-content\/uploads\/2025\/12\/Dive-Image-05.jpeg\",\"width\":1920,\"height\":1280},{\"@type\":\"BreadcrumbList\",\"@id\":\"https:\/\/nhatrangdivingclub.com\/#breadcrumb\",\"itemListElement\":[{\"@type\":\"ListItem\",\"position\":1,\"name\":\"Home\",\"item\":\"https:\/\/nhatrangdivingclub.com\/\"},{\"@type\":\"ListItem\",\"position\":2,\"name\":\"Home\"}]},{\"@type\":\"WebSite\",\"@id\":\"https:\/\/nhatrangdivingclub.com\/#website\",\"url\":\"https:\/\/nhatrangdivingclub.com\/\",\"name\":\"Nha Trang Diving\",\"description\":\"\",\"publisher\":{\"@id\":\"https:\/\/nhatrangdivingclub.com\/#organization\"},\"potentialAction\":[{\"@type\":\"SearchAction\",\"target\":{\"@type\":\"EntryPoint\",\"urlTemplate\":\"https:\/\/nhatrangdivingclub.com\/?s={search_term_string}\"},\"query-input\":{\"@type\":\"PropertyValueSpecification\",\"valueRequired\":true,\"valueName\":\"search_term_string\"}}],\"inLanguage\":\"vi\"},{\"@type\":\"Organization\",\"@id\":\"https:\/\/nhatrangdivingclub.com\/#organization\",\"name\":\"Nha Trang Diving\",\"url\":\"https:\/\/nhatrangdivingclub.com\/\",\"logo\":{\"@type\":\"ImageObject\",\"inLanguage\":\"vi\",\"@id\":\"https:\/\/nhatrangdivingclub.com\/#\/schema\/logo\/image\/\",\"url\":\"https:\/\/nhatrangdivingclub.com\/wp-content\/uploads\/2025\/11\/nhatrangdiving-logo.png\",\"contentUrl\":\"https:\/\/nhatrangdivingclub.com\/wp-content\/uploads\/2025\/11\/nhatrangdiving-logo.png\",\"width\":1536,\"height\":1536,\"caption\":\"Nha Trang Diving\"},\"image\":{\"@id\":\"https:\/\/nhatrangdivingclub.com\/#\/schema\/logo\/image\/\"}}]}<\/script>\n<!-- \/ Yoast SEO Premium plugin. -->","yoast_head_json":{"title":"L\u1eb7n Vi\u1ec7t Nam c\u00f9ng SSI | L\u1eb7n Nha Trang | L\u1eb7n Ph\u00fa Qu\u1ed1c","description":"Kh\u00e1m ph\u00e1 nh\u1eefng \u0111i\u1ec3m l\u1eb7n tuy\u1ec7t v\u1eddi nh\u1ea5t t\u1ea1i Vi\u1ec7t Nam v\u00e0 b\u1eaft \u0111\u1ea7u h\u00e0nh tr\u00ecnh l\u1ea5y ch\u1ee9ng ch\u1ec9 SSI c\u00f9ng ch\u00fang t\u00f4i. D\u00f9 b\u1ea1n l\u00e0 ng\u01b0\u1eddi m\u1edbi b\u1eaft \u0111\u1ea7u hay th\u1ee3 l\u1eb7n gi\u00e0u kinh nghi\u1ec7m, ch\u00fang t\u00f4i \u0111\u1ec1u c\u00f3 kh\u00f3a h\u1ecdc v\u00e0 chuy\u1ebfn l\u1eb7n ho\u00e0n h\u1ea3o d\u00e0nh cho b\u1ea1n.","robots":{"index":"index","follow":"follow","max-snippet":"max-snippet:-1","max-image-preview":"max-image-preview:large","max-video-preview":"max-video-preview:-1"},"canonical":"https:\/\/nhatrangdivingclub.com\/vi\/","og_locale":"vi_VN","og_type":"article","og_title":"Home","og_description":"Discover the best dive spots in Vietnam and start your SSI certification journey with us. Whether you\u2019re a beginner or an experienced diver, we have the perfect course and trip for you.","og_url":"https:\/\/nhatrangdivingclub.com\/vi\/","og_site_name":"Nha Trang Diving","article_modified_time":"2026-04-07T03:08:14+00:00","og_image":[{"width":1920,"height":1280,"url":"https:\/\/nhatrangdivingclub.com\/wp-content\/uploads\/2025\/12\/Dive-Image-05.jpeg","type":"image\/jpeg"}],"twitter_card":"summary_large_image","twitter_misc":{"\u01af\u1edbc t\u00ednh th\u1eddi gian \u0111\u1ecdc":"1 ph\u00fat"},"schema":{"@context":"https:\/\/schema.org","@graph":[{"@type":"WebPage","@id":"https:\/\/nhatrangdivingclub.com\/","url":"https:\/\/nhatrangdivingclub.com\/","name":"L\u1eb7n Vi\u1ec7t Nam c\u00f9ng SSI | L\u1eb7n Nha Trang | L\u1eb7n Ph\u00fa Qu\u1ed1c","isPartOf":{"@id":"https:\/\/nhatrangdivingclub.com\/#website"},"primaryImageOfPage":{"@id":"https:\/\/nhatrangdivingclub.com\/#primaryimage"},"image":{"@id":"https:\/\/nhatrangdivingclub.com\/#primaryimage"},"thumbnailUrl":"https:\/\/nhatrangdivingclub.com\/wp-content\/uploads\/2025\/12\/Dive-Image-05.jpeg","datePublished":"2025-11-29T02:29:35+00:00","dateModified":"2026-04-07T03:08:14+00:00","description":"Kh\u00e1m ph\u00e1 nh\u1eefng \u0111i\u1ec3m l\u1eb7n tuy\u1ec7t v\u1eddi nh\u1ea5t t\u1ea1i Vi\u1ec7t Nam v\u00e0 b\u1eaft \u0111\u1ea7u h\u00e0nh tr\u00ecnh l\u1ea5y ch\u1ee9ng ch\u1ec9 SSI c\u00f9ng ch\u00fang t\u00f4i. D\u00f9 b\u1ea1n l\u00e0 ng\u01b0\u1eddi m\u1edbi b\u1eaft \u0111\u1ea7u hay th\u1ee3 l\u1eb7n gi\u00e0u kinh nghi\u1ec7m, ch\u00fang t\u00f4i \u0111\u1ec1u c\u00f3 kh\u00f3a h\u1ecdc v\u00e0 chuy\u1ebfn l\u1eb7n ho\u00e0n h\u1ea3o d\u00e0nh cho b\u1ea1n.","breadcrumb":{"@id":"https:\/\/nhatrangdivingclub.com\/#breadcrumb"},"inLanguage":"vi","potentialAction":[{"@type":"ReadAction","target":["https:\/\/nhatrangdivingclub.com\/"]}]},{"@type":"ImageObject","inLanguage":"vi","@id":"https:\/\/nhatrangdivingclub.com\/#primaryimage","url":"https:\/\/nhatrangdivingclub.com\/wp-content\/uploads\/2025\/12\/Dive-Image-05.jpeg","contentUrl":"https:\/\/nhatrangdivingclub.com\/wp-content\/uploads\/2025\/12\/Dive-Image-05.jpeg","width":1920,"height":1280},{"@type":"BreadcrumbList","@id":"https:\/\/nhatrangdivingclub.com\/#breadcrumb","itemListElement":[{"@type":"ListItem","position":1,"name":"Home","item":"https:\/\/nhatrangdivingclub.com\/"},{"@type":"ListItem","position":2,"name":"Home"}]},{"@type":"WebSite","@id":"https:\/\/nhatrangdivingclub.com\/#website","url":"https:\/\/nhatrangdivingclub.com\/","name":"L\u1eb7n bi\u1ec3n Nha Trang","description":"","publisher":{"@id":"https:\/\/nhatrangdivingclub.com\/#organization"},"potentialAction":[{"@type":"SearchAction","target":{"@type":"EntryPoint","urlTemplate":"https:\/\/nhatrangdivingclub.com\/?s={search_term_string}"},"query-input":{"@type":"PropertyValueSpecification","valueRequired":true,"valueName":"search_term_string"}}],"inLanguage":"vi"},{"@type":"Organization","@id":"https:\/\/nhatrangdivingclub.com\/#organization","name":"L\u1eb7n bi\u1ec3n Nha Trang","url":"https:\/\/nhatrangdivingclub.com\/","logo":{"@type":"ImageObject","inLanguage":"vi","@id":"https:\/\/nhatrangdivingclub.com\/#\/schema\/logo\/image\/","url":"https:\/\/nhatrangdivingclub.com\/wp-content\/uploads\/2025\/11\/nhatrangdiving-logo.png","contentUrl":"https:\/\/nhatrangdivingclub.com\/wp-content\/uploads\/2025\/11\/nhatrangdiving-logo.png","width":1536,"height":1536,"caption":"Nha Trang Diving"},"image":{"@id":"https:\/\/nhatrangdivingclub.com\/#\/schema\/logo\/image\/"}}]}},"_links":{"self":[{"href":"https:\/\/nhatrangdivingclub.com\/vi\/wp-json\/wp\/v2\/pages\/79","targetHints":{"allow":["GET"]}}],"collection":[{"href":"https:\/\/nhatrangdivingclub.com\/vi\/wp-json\/wp\/v2\/pages"}],"about":[{"href":"https:\/\/nhatrangdivingclub.com\/vi\/wp-json\/wp\/v2\/types\/page"}],"author":[{"embeddable":true,"href":"https:\/\/nhatrangdivingclub.com\/vi\/wp-json\/wp\/v2\/users\/1"}],"replies":[{"embeddable":true,"href":"https:\/\/nhatrangdivingclub.com\/vi\/wp-json\/wp\/v2\/comments?post=79"}],"version-history":[{"count":121,"href":"https:\/\/nhatrangdivingclub.com\/vi\/wp-json\/wp\/v2\/pages\/79\/revisions"}],"predecessor-version":[{"id":973,"href":"https:\/\/nhatrangdivingclub.com\/vi\/wp-json\/wp\/v2\/pages\/79\/revisions\/973"}],"wp:featuredmedia":[{"embeddable":true,"href":"https:\/\/nhatrangdivingclub.com\/vi\/wp-json\/wp\/v2\/media\/328"}],"wp:attachment":[{"href":"https:\/\/nhatrangdivingclub.com\/vi\/wp-json\/wp\/v2\/media?parent=79"}],"curies":[{"name":"wp","href":"https:\/\/api.w.org\/{rel}","templated":true}]}}