{"id":406,"date":"2025-12-04T09:13:45","date_gmt":"2025-12-04T02:13:45","guid":{"rendered":"https:\/\/diving.123websitedev.com\/?post_type=product&#038;p=406"},"modified":"2026-03-30T16:20:00","modified_gmt":"2026-03-30T09:20:00","slug":"thu-lan-bien-o-nha-trang","status":"publish","type":"product","link":"https:\/\/nhatrangdivingclub.com\/vi\/san-pham\/thu-lan-bien-o-nha-trang\/","title":{"rendered":"H\u00e3y th\u1eed l\u1eb7n bi\u1ec3n"},"content":{"rendered":"<p>Kh\u00e1m ph\u00e1 th\u1ebf gi\u1edbi d\u01b0\u1edbi n\u01b0\u1edbc v\u1edbi <strong>Ch\u01b0\u01a1ng tr\u00ecnh th\u1eed l\u1eb7n bi\u1ec3n t\u1ea1i Nha Trang<\/strong>, \u0110\u01b0\u1ee3c thi\u1ebft k\u1ebf \u0111\u1eb7c bi\u1ec7t cho ng\u01b0\u1eddi m\u1edbi b\u1eaft \u0111\u1ea7u. V\u1edbi \u0111i\u1ec1u ki\u1ec7n d\u1ec5 ch\u1ecbu, n\u01b0\u1edbc \u1ea5m v\u00e0 hu\u1ea5n luy\u1ec7n vi\u00ean chuy\u00ean nghi\u1ec7p lu\u00f4n b\u00ean c\u1ea1nh, \u0111\u00e2y l\u00e0 m\u1ed9t trong nh\u1eefng tr\u1ea3i nghi\u1ec7m l\u1eb7n bi\u1ec3n an to\u00e0n v\u00e0 th\u00fa v\u1ecb nh\u1ea5t t\u1ea1i Vi\u1ec7t Nam.<\/p>\n<p>B\u1ea1n s\u1ebd ho\u00e0n th\u00e0nh hai l\u1ea7n l\u1eb7n n\u00f4ng (6\u201310 m\u00e9t), h\u1ecdc c\u00e1c k\u1ef9 thu\u1eadt c\u01a1 b\u1ea3n v\u00e0 t\u1eadn h\u01b0\u1edfng m\u1ed9t ng\u00e0y th\u01b0 gi\u00e3n tr\u00ean thuy\u1ec1n l\u1eb7n tho\u1ea3i m\u00e1i. M\u1ecdi th\u1ee9 \u0111\u1ec1u \u0111\u01b0\u1ee3c bao g\u1ed3m \u2014 thi\u1ebft b\u1ecb, ph\u00ed l\u1eb7n, xe \u0111\u01b0a \u0111\u00f3n, \u0111\u1ed3 u\u1ed1ng, tr\u00e1i c\u00e2y v\u00e0 b\u1eefa tr\u01b0a \u2014 mang \u0111\u1ebfn m\u1ed9t tr\u1ea3i nghi\u1ec7m su\u00f4n s\u1ebb, th\u00fa v\u1ecb v\u00e0 kh\u00f4ng c\u0103ng th\u1eb3ng cho nh\u1eefng ng\u01b0\u1eddi m\u1edbi l\u1eb7n l\u1ea7n \u0111\u1ea7u.<\/p>","protected":false},"excerpt":{"rendered":"<p data-path-to-node=\"4\">Kh\u00e1m ph\u00e1 th\u1ebf gi\u1edbi d\u01b0\u1edbi n\u01b0\u1edbc v\u1edbi <strong>Ch\u01b0\u01a1ng tr\u00ecnh th\u1eed l\u1eb7n bi\u1ec3n t\u1ea1i Nha Trang<\/strong>, \u0110\u01b0\u1ee3c thi\u1ebft k\u1ebf \u0111\u1eb7c bi\u1ec7t cho ng\u01b0\u1eddi m\u1edbi b\u1eaft \u0111\u1ea7u. V\u1edbi \u0111i\u1ec1u ki\u1ec7n d\u1ec5 ch\u1ecbu, n\u01b0\u1edbc \u1ea5m v\u00e0 hu\u1ea5n luy\u1ec7n vi\u00ean chuy\u00ean nghi\u1ec7p lu\u00f4n b\u00ean c\u1ea1nh, \u0111\u00e2y l\u00e0 m\u1ed9t trong nh\u1eefng tr\u1ea3i nghi\u1ec7m l\u1eb7n bi\u1ec3n an to\u00e0n v\u00e0 th\u00fa v\u1ecb nh\u1ea5t t\u1ea1i Vi\u1ec7t Nam.<\/p>","protected":false},"featured_media":398,"comment_status":"closed","ping_status":"closed","template":"","meta":[],"product_brand":[],"product_cat":[29,23],"product_tag":[60,52],"class_list":{"0":"post-406","1":"product","2":"type-product","3":"status-publish","4":"has-post-thumbnail","6":"product_cat-nha-trang-trips","7":"product_cat-trips","8":"product_tag-nha-trang","9":"product_tag-try-scuba-diving","11":"first","12":"instock","13":"shipping-taxable","14":"product-type-variable"},"acf":[],"yoast_head":"<!-- This site is optimized with the Yoast SEO Premium plugin v25.6 (Yoast SEO v26.5) - https:\/\/yoast.com\/wordpress\/plugins\/seo\/ -->\n<title>Try Scuba Diving - Nha Trang Diving<\/title>\n<meta name=\"robots\" content=\"index, follow, max-snippet:-1, max-image-preview:large, max-video-preview:-1\" \/>\n<link rel=\"canonical\" href=\"https:\/\/nhatrangdivingclub.com\/vi\/san-pham\/thu-lan-bien-o-nha-trang\/\" \/>\n<meta property=\"og:locale\" content=\"vi_VN\" \/>\n<meta property=\"og:type\" content=\"article\" \/>\n<meta property=\"og:title\" content=\"Try Scuba Diving\" \/>\n<meta property=\"og:description\" content=\"Explore the underwater world with our popular Try Scuba Diving program in Nha Trang, designed especially for beginners. With easy conditions, warm water, and professional instructors always by your side, this is one of the safest and most enjoyable ways to try scuba diving in Vietnam.\" \/>\n<meta property=\"og:url\" content=\"https:\/\/nhatrangdivingclub.com\/vi\/san-pham\/thu-lan-bien-o-nha-trang\/\" \/>\n<meta property=\"og:site_name\" content=\"Nha Trang Diving\" \/>\n<meta property=\"article:modified_time\" content=\"2026-03-30T09:20:00+00:00\" \/>\n<meta property=\"og:image\" content=\"https:\/\/nhatrangdivingclub.com\/wp-content\/uploads\/2025\/12\/Snorkel-Image-1.jpg\" \/>\n\t<meta property=\"og:image:width\" content=\"1920\" \/>\n\t<meta property=\"og:image:height\" content=\"1280\" \/>\n\t<meta property=\"og:image:type\" content=\"image\/jpeg\" \/>\n<meta name=\"twitter:card\" content=\"summary_large_image\" \/>\n<meta name=\"twitter:label1\" content=\"\u01af\u1edbc t\u00ednh th\u1eddi gian \u0111\u1ecdc\" \/>\n\t<meta name=\"twitter:data1\" content=\"1 ph\u00fat\" \/>\n<script type=\"application\/ld+json\" class=\"yoast-schema-graph\">{\"@context\":\"https:\/\/schema.org\",\"@graph\":[{\"@type\":\"WebPage\",\"@id\":\"https:\/\/nhatrangdivingclub.com\/product\/try-scuba-diving-nha-trang\/\",\"url\":\"https:\/\/nhatrangdivingclub.com\/product\/try-scuba-diving-nha-trang\/\",\"name\":\"Try Scuba Diving - Nha Trang Diving\",\"isPartOf\":{\"@id\":\"https:\/\/nhatrangdivingclub.com\/#website\"},\"primaryImageOfPage\":{\"@id\":\"https:\/\/nhatrangdivingclub.com\/product\/try-scuba-diving-nha-trang\/#primaryimage\"},\"image\":{\"@id\":\"https:\/\/nhatrangdivingclub.com\/product\/try-scuba-diving-nha-trang\/#primaryimage\"},\"thumbnailUrl\":\"https:\/\/nhatrangdivingclub.com\/wp-content\/uploads\/2025\/12\/Snorkel-Image-1.jpg\",\"datePublished\":\"2025-12-04T02:13:45+00:00\",\"dateModified\":\"2026-03-30T09:20:00+00:00\",\"breadcrumb\":{\"@id\":\"https:\/\/nhatrangdivingclub.com\/product\/try-scuba-diving-nha-trang\/#breadcrumb\"},\"inLanguage\":\"vi\",\"potentialAction\":[{\"@type\":\"ReadAction\",\"target\":[\"https:\/\/nhatrangdivingclub.com\/product\/try-scuba-diving-nha-trang\/\"]}]},{\"@type\":\"ImageObject\",\"inLanguage\":\"vi\",\"@id\":\"https:\/\/nhatrangdivingclub.com\/product\/try-scuba-diving-nha-trang\/#primaryimage\",\"url\":\"https:\/\/nhatrangdivingclub.com\/wp-content\/uploads\/2025\/12\/Snorkel-Image-1.jpg\",\"contentUrl\":\"https:\/\/nhatrangdivingclub.com\/wp-content\/uploads\/2025\/12\/Snorkel-Image-1.jpg\",\"width\":1920,\"height\":1280},{\"@type\":\"BreadcrumbList\",\"@id\":\"https:\/\/nhatrangdivingclub.com\/product\/try-scuba-diving-nha-trang\/#breadcrumb\",\"itemListElement\":[{\"@type\":\"ListItem\",\"position\":1,\"name\":\"Home\",\"item\":\"https:\/\/nhatrangdivingclub.com\/\"},{\"@type\":\"ListItem\",\"position\":2,\"name\":\"Shop\",\"item\":\"https:\/\/nhatrangdivingclub.com\/?page_id=87\"},{\"@type\":\"ListItem\",\"position\":3,\"name\":\"Try Scuba Diving\"}]},{\"@type\":\"WebSite\",\"@id\":\"https:\/\/nhatrangdivingclub.com\/#website\",\"url\":\"https:\/\/nhatrangdivingclub.com\/\",\"name\":\"Nha Trang Diving\",\"description\":\"\",\"publisher\":{\"@id\":\"https:\/\/nhatrangdivingclub.com\/#organization\"},\"potentialAction\":[{\"@type\":\"SearchAction\",\"target\":{\"@type\":\"EntryPoint\",\"urlTemplate\":\"https:\/\/nhatrangdivingclub.com\/?s={search_term_string}\"},\"query-input\":{\"@type\":\"PropertyValueSpecification\",\"valueRequired\":true,\"valueName\":\"search_term_string\"}}],\"inLanguage\":\"vi\"},{\"@type\":\"Organization\",\"@id\":\"https:\/\/nhatrangdivingclub.com\/#organization\",\"name\":\"Nha Trang Diving\",\"url\":\"https:\/\/nhatrangdivingclub.com\/\",\"logo\":{\"@type\":\"ImageObject\",\"inLanguage\":\"vi\",\"@id\":\"https:\/\/nhatrangdivingclub.com\/#\/schema\/logo\/image\/\",\"url\":\"https:\/\/nhatrangdivingclub.com\/wp-content\/uploads\/2025\/11\/nhatrangdiving-logo.png\",\"contentUrl\":\"https:\/\/nhatrangdivingclub.com\/wp-content\/uploads\/2025\/11\/nhatrangdiving-logo.png\",\"width\":1536,\"height\":1536,\"caption\":\"Nha Trang Diving\"},\"image\":{\"@id\":\"https:\/\/nhatrangdivingclub.com\/#\/schema\/logo\/image\/\"}}]}<\/script>\n<!-- \/ Yoast SEO Premium plugin. -->","yoast_head_json":{"title":"Try Scuba Diving - Nha Trang Diving","robots":{"index":"index","follow":"follow","max-snippet":"max-snippet:-1","max-image-preview":"max-image-preview:large","max-video-preview":"max-video-preview:-1"},"canonical":"https:\/\/nhatrangdivingclub.com\/vi\/san-pham\/thu-lan-bien-o-nha-trang\/","og_locale":"vi_VN","og_type":"article","og_title":"Try Scuba Diving","og_description":"Explore the underwater world with our popular Try Scuba Diving program in Nha Trang, designed especially for beginners. With easy conditions, warm water, and professional instructors always by your side, this is one of the safest and most enjoyable ways to try scuba diving in Vietnam.","og_url":"https:\/\/nhatrangdivingclub.com\/vi\/san-pham\/thu-lan-bien-o-nha-trang\/","og_site_name":"Nha Trang Diving","article_modified_time":"2026-03-30T09:20:00+00:00","og_image":[{"width":1920,"height":1280,"url":"https:\/\/nhatrangdivingclub.com\/wp-content\/uploads\/2025\/12\/Snorkel-Image-1.jpg","type":"image\/jpeg"}],"twitter_card":"summary_large_image","twitter_misc":{"\u01af\u1edbc t\u00ednh th\u1eddi gian \u0111\u1ecdc":"1 ph\u00fat"},"schema":{"@context":"https:\/\/schema.org","@graph":[{"@type":"WebPage","@id":"https:\/\/nhatrangdivingclub.com\/product\/try-scuba-diving-nha-trang\/","url":"https:\/\/nhatrangdivingclub.com\/product\/try-scuba-diving-nha-trang\/","name":"Try Scuba Diving - Nha Trang Diving","isPartOf":{"@id":"https:\/\/nhatrangdivingclub.com\/#website"},"primaryImageOfPage":{"@id":"https:\/\/nhatrangdivingclub.com\/product\/try-scuba-diving-nha-trang\/#primaryimage"},"image":{"@id":"https:\/\/nhatrangdivingclub.com\/product\/try-scuba-diving-nha-trang\/#primaryimage"},"thumbnailUrl":"https:\/\/nhatrangdivingclub.com\/wp-content\/uploads\/2025\/12\/Snorkel-Image-1.jpg","datePublished":"2025-12-04T02:13:45+00:00","dateModified":"2026-03-30T09:20:00+00:00","breadcrumb":{"@id":"https:\/\/nhatrangdivingclub.com\/product\/try-scuba-diving-nha-trang\/#breadcrumb"},"inLanguage":"vi","potentialAction":[{"@type":"ReadAction","target":["https:\/\/nhatrangdivingclub.com\/product\/try-scuba-diving-nha-trang\/"]}]},{"@type":"ImageObject","inLanguage":"vi","@id":"https:\/\/nhatrangdivingclub.com\/product\/try-scuba-diving-nha-trang\/#primaryimage","url":"https:\/\/nhatrangdivingclub.com\/wp-content\/uploads\/2025\/12\/Snorkel-Image-1.jpg","contentUrl":"https:\/\/nhatrangdivingclub.com\/wp-content\/uploads\/2025\/12\/Snorkel-Image-1.jpg","width":1920,"height":1280},{"@type":"BreadcrumbList","@id":"https:\/\/nhatrangdivingclub.com\/product\/try-scuba-diving-nha-trang\/#breadcrumb","itemListElement":[{"@type":"ListItem","position":1,"name":"Home","item":"https:\/\/nhatrangdivingclub.com\/"},{"@type":"ListItem","position":2,"name":"Shop","item":"https:\/\/nhatrangdivingclub.com\/?page_id=87"},{"@type":"ListItem","position":3,"name":"Try Scuba Diving"}]},{"@type":"WebSite","@id":"https:\/\/nhatrangdivingclub.com\/#website","url":"https:\/\/nhatrangdivingclub.com\/","name":"L\u1eb7n bi\u1ec3n Nha Trang","description":"","publisher":{"@id":"https:\/\/nhatrangdivingclub.com\/#organization"},"potentialAction":[{"@type":"SearchAction","target":{"@type":"EntryPoint","urlTemplate":"https:\/\/nhatrangdivingclub.com\/?s={search_term_string}"},"query-input":{"@type":"PropertyValueSpecification","valueRequired":true,"valueName":"search_term_string"}}],"inLanguage":"vi"},{"@type":"Organization","@id":"https:\/\/nhatrangdivingclub.com\/#organization","name":"L\u1eb7n bi\u1ec3n Nha Trang","url":"https:\/\/nhatrangdivingclub.com\/","logo":{"@type":"ImageObject","inLanguage":"vi","@id":"https:\/\/nhatrangdivingclub.com\/#\/schema\/logo\/image\/","url":"https:\/\/nhatrangdivingclub.com\/wp-content\/uploads\/2025\/11\/nhatrangdiving-logo.png","contentUrl":"https:\/\/nhatrangdivingclub.com\/wp-content\/uploads\/2025\/11\/nhatrangdiving-logo.png","width":1536,"height":1536,"caption":"Nha Trang Diving"},"image":{"@id":"https:\/\/nhatrangdivingclub.com\/#\/schema\/logo\/image\/"}}]}},"_links":{"self":[{"href":"https:\/\/nhatrangdivingclub.com\/vi\/wp-json\/wp\/v2\/product\/406","targetHints":{"allow":["GET"]}}],"collection":[{"href":"https:\/\/nhatrangdivingclub.com\/vi\/wp-json\/wp\/v2\/product"}],"about":[{"href":"https:\/\/nhatrangdivingclub.com\/vi\/wp-json\/wp\/v2\/types\/product"}],"replies":[{"embeddable":true,"href":"https:\/\/nhatrangdivingclub.com\/vi\/wp-json\/wp\/v2\/comments?post=406"}],"wp:featuredmedia":[{"embeddable":true,"href":"https:\/\/nhatrangdivingclub.com\/vi\/wp-json\/wp\/v2\/media\/398"}],"wp:attachment":[{"href":"https:\/\/nhatrangdivingclub.com\/vi\/wp-json\/wp\/v2\/media?parent=406"}],"wp:term":[{"taxonomy":"product_brand","embeddable":true,"href":"https:\/\/nhatrangdivingclub.com\/vi\/wp-json\/wp\/v2\/product_brand?post=406"},{"taxonomy":"product_cat","embeddable":true,"href":"https:\/\/nhatrangdivingclub.com\/vi\/wp-json\/wp\/v2\/product_cat?post=406"},{"taxonomy":"product_tag","embeddable":true,"href":"https:\/\/nhatrangdivingclub.com\/vi\/wp-json\/wp\/v2\/product_tag?post=406"}],"curies":[{"name":"wp","href":"https:\/\/api.w.org\/{rel}","templated":true}]}}