{"id":623,"date":"2025-12-08T16:36:39","date_gmt":"2025-12-08T09:36:39","guid":{"rendered":"https:\/\/diving.123websitedev.com\/?post_type=product&#038;p=623"},"modified":"2026-03-30T16:20:42","modified_gmt":"2026-03-30T09:20:42","slug":"chuyen-di-lan-bien-o-phu-quoc","status":"publish","type":"product","link":"https:\/\/nhatrangdivingclub.com\/vi\/san-pham\/chuyen-di-lan-bien-o-phu-quoc\/","title":{"rendered":"Chuy\u1ebfn \u0111i l\u1eb7n bi\u1ec3n"},"content":{"rendered":"<p>C\u1ee7a ch\u00fang t\u00f4i <strong>Chuy\u1ebfn l\u1eb7n bi\u1ec3n Ph\u00fa Qu\u1ed1c<\/strong> \u0110\u00e2y l\u00e0 l\u1ef1a ch\u1ecdn l\u00fd t\u01b0\u1edfng cho c\u00e1c gia \u0111\u00ecnh, c\u1eb7p \u0111\u00f4i v\u00e0 du kh\u00e1ch mu\u1ed1n c\u00f3 m\u1ed9t ng\u00e0y th\u01b0 gi\u00e3n tr\u00ean bi\u1ec3n m\u00e0 kh\u00f4ng c\u1ea7n l\u1eb7n. B\u1ea1n s\u1ebd gh\u00e9 th\u0103m hai \u0111i\u1ec3m l\u1eb7n ng\u1eafm san h\u00f4 v\u1edbi n\u01b0\u1edbc \u1ea5m, trong v\u1eaft v\u00e0 \u0111i\u1ec1u ki\u1ec7n bi\u1ec3n l\u1eb7ng, ho\u00e0n h\u1ea3o cho ng\u01b0\u1eddi m\u1edbi b\u1eaft \u0111\u1ea7u v\u00e0 tr\u1ebb em.<\/p>\n<p>Ch\u00fang t\u00f4i cung c\u1ea5p \u0111\u1ea7y \u0111\u1ee7 thi\u1ebft b\u1ecb l\u1eb7n bi\u1ec3n, \u00e1o phao, d\u1ecbch v\u1ee5 \u0111\u00f3n v\u00e0 tr\u1ea3 kh\u00e1ch t\u1ea1i kh\u00e1ch s\u1ea1n, c\u00f9ng \u0111\u1ed9i ng\u0169 nh\u00e2n vi\u00ean th\u00e2n thi\u1ec7n lu\u00f4n s\u1eb5n s\u00e0ng h\u1ed7 tr\u1ee3 m\u1ecdi du kh\u00e1ch. V\u1edbi khu v\u1ef1c c\u00f3 b\u00f3ng m\u00e1t, kh\u00f4ng gian th\u01b0 gi\u00e3n v\u00e0 b\u1eefa tr\u01b0a ngon mi\u1ec7ng \u0111\u01b0\u1ee3c ph\u1ee5c v\u1ee5 tr\u00ean t\u00e0u, \u0111\u00e2y l\u00e0 m\u1ed9t trong nh\u1eefng chuy\u1ebfn \u0111i thuy\u1ec1n th\u00fa v\u1ecb v\u00e0 gi\u00e1 c\u1ea3 ph\u1ea3i ch\u0103ng nh\u1ea5t tr\u00ean \u0111\u1ea3o.<\/p>","protected":false},"excerpt":{"rendered":"<p data-path-to-node=\"4\">C\u1ee7a ch\u00fang t\u00f4i <strong>Chuy\u1ebfn l\u1eb7n bi\u1ec3n Ph\u00fa Qu\u1ed1c<\/strong> \u0110\u00e2y l\u00e0 l\u1ef1a ch\u1ecdn l\u00fd t\u01b0\u1edfng cho c\u00e1c gia \u0111\u00ecnh, c\u1eb7p \u0111\u00f4i v\u00e0 du kh\u00e1ch mu\u1ed1n c\u00f3 m\u1ed9t ng\u00e0y th\u01b0 gi\u00e3n tr\u00ean bi\u1ec3n m\u00e0 kh\u00f4ng c\u1ea7n l\u1eb7n. B\u1ea1n s\u1ebd gh\u00e9 th\u0103m hai \u0111i\u1ec3m l\u1eb7n ng\u1eafm san h\u00f4 v\u1edbi n\u01b0\u1edbc \u1ea5m, trong v\u1eaft v\u00e0 \u0111i\u1ec1u ki\u1ec7n bi\u1ec3n l\u1eb7ng, ho\u00e0n h\u1ea3o cho ng\u01b0\u1eddi m\u1edbi b\u1eaft \u0111\u1ea7u v\u00e0 tr\u1ebb em.<\/p>","protected":false},"featured_media":390,"comment_status":"closed","ping_status":"closed","template":"","meta":[],"product_brand":[],"product_cat":[30,23],"product_tag":[53,56],"class_list":{"0":"post-623","1":"product","2":"type-product","3":"status-publish","4":"has-post-thumbnail","6":"product_cat-phu-quoc-trips","7":"product_cat-trips","8":"product_tag-phu-quoc","9":"product_tag-snorkeling-trip","11":"first","12":"instock","13":"shipping-taxable","14":"product-type-variable"},"acf":[],"yoast_head":"<!-- This site is optimized with the Yoast SEO Premium plugin v25.6 (Yoast SEO v26.5) - https:\/\/yoast.com\/wordpress\/plugins\/seo\/ -->\n<title>Snorkeling Trip - Nha Trang Diving<\/title>\n<meta name=\"robots\" content=\"index, follow, max-snippet:-1, max-image-preview:large, max-video-preview:-1\" \/>\n<link rel=\"canonical\" href=\"https:\/\/nhatrangdivingclub.com\/vi\/san-pham\/chuyen-di-lan-bien-o-phu-quoc\/\" \/>\n<meta property=\"og:locale\" content=\"vi_VN\" \/>\n<meta property=\"og:type\" content=\"article\" \/>\n<meta property=\"og:title\" content=\"Snorkeling Trip\" \/>\n<meta property=\"og:description\" content=\"Our Phu Quoc snorkeling trip is the ideal option for families, couples, and travelers who want a relaxing day on the ocean without diving. You will visit two snorkeling spots with warm, clear water and calm conditions perfect for beginners and children.\" \/>\n<meta property=\"og:url\" content=\"https:\/\/nhatrangdivingclub.com\/vi\/san-pham\/chuyen-di-lan-bien-o-phu-quoc\/\" \/>\n<meta property=\"og:site_name\" content=\"Nha Trang Diving\" \/>\n<meta property=\"article:modified_time\" content=\"2026-03-30T09:20:42+00:00\" \/>\n<meta property=\"og:image\" content=\"https:\/\/nhatrangdivingclub.com\/wp-content\/uploads\/2025\/12\/Lifestyle-Image-1.jpg\" \/>\n\t<meta property=\"og:image:width\" content=\"1920\" \/>\n\t<meta property=\"og:image:height\" content=\"1280\" \/>\n\t<meta property=\"og:image:type\" content=\"image\/jpeg\" \/>\n<meta name=\"twitter:card\" content=\"summary_large_image\" \/>\n<meta name=\"twitter:label1\" content=\"\u01af\u1edbc t\u00ednh th\u1eddi gian \u0111\u1ecdc\" \/>\n\t<meta name=\"twitter:data1\" content=\"1 ph\u00fat\" \/>\n<script type=\"application\/ld+json\" class=\"yoast-schema-graph\">{\"@context\":\"https:\/\/schema.org\",\"@graph\":[{\"@type\":\"WebPage\",\"@id\":\"https:\/\/nhatrangdivingclub.com\/product\/snorkeling-trip-phu-quoc\/\",\"url\":\"https:\/\/nhatrangdivingclub.com\/product\/snorkeling-trip-phu-quoc\/\",\"name\":\"Snorkeling Trip - Nha Trang Diving\",\"isPartOf\":{\"@id\":\"https:\/\/nhatrangdivingclub.com\/#website\"},\"primaryImageOfPage\":{\"@id\":\"https:\/\/nhatrangdivingclub.com\/product\/snorkeling-trip-phu-quoc\/#primaryimage\"},\"image\":{\"@id\":\"https:\/\/nhatrangdivingclub.com\/product\/snorkeling-trip-phu-quoc\/#primaryimage\"},\"thumbnailUrl\":\"https:\/\/nhatrangdivingclub.com\/wp-content\/uploads\/2025\/12\/Lifestyle-Image-1.jpg\",\"datePublished\":\"2025-12-08T09:36:39+00:00\",\"dateModified\":\"2026-03-30T09:20:42+00:00\",\"breadcrumb\":{\"@id\":\"https:\/\/nhatrangdivingclub.com\/product\/snorkeling-trip-phu-quoc\/#breadcrumb\"},\"inLanguage\":\"vi\",\"potentialAction\":[{\"@type\":\"ReadAction\",\"target\":[\"https:\/\/nhatrangdivingclub.com\/product\/snorkeling-trip-phu-quoc\/\"]}]},{\"@type\":\"ImageObject\",\"inLanguage\":\"vi\",\"@id\":\"https:\/\/nhatrangdivingclub.com\/product\/snorkeling-trip-phu-quoc\/#primaryimage\",\"url\":\"https:\/\/nhatrangdivingclub.com\/wp-content\/uploads\/2025\/12\/Lifestyle-Image-1.jpg\",\"contentUrl\":\"https:\/\/nhatrangdivingclub.com\/wp-content\/uploads\/2025\/12\/Lifestyle-Image-1.jpg\",\"width\":1920,\"height\":1280},{\"@type\":\"BreadcrumbList\",\"@id\":\"https:\/\/nhatrangdivingclub.com\/product\/snorkeling-trip-phu-quoc\/#breadcrumb\",\"itemListElement\":[{\"@type\":\"ListItem\",\"position\":1,\"name\":\"Home\",\"item\":\"https:\/\/nhatrangdivingclub.com\/\"},{\"@type\":\"ListItem\",\"position\":2,\"name\":\"Shop\",\"item\":\"https:\/\/nhatrangdivingclub.com\/?page_id=87\"},{\"@type\":\"ListItem\",\"position\":3,\"name\":\"Snorkeling Trip\"}]},{\"@type\":\"WebSite\",\"@id\":\"https:\/\/nhatrangdivingclub.com\/#website\",\"url\":\"https:\/\/nhatrangdivingclub.com\/\",\"name\":\"Nha Trang Diving\",\"description\":\"\",\"publisher\":{\"@id\":\"https:\/\/nhatrangdivingclub.com\/#organization\"},\"potentialAction\":[{\"@type\":\"SearchAction\",\"target\":{\"@type\":\"EntryPoint\",\"urlTemplate\":\"https:\/\/nhatrangdivingclub.com\/?s={search_term_string}\"},\"query-input\":{\"@type\":\"PropertyValueSpecification\",\"valueRequired\":true,\"valueName\":\"search_term_string\"}}],\"inLanguage\":\"vi\"},{\"@type\":\"Organization\",\"@id\":\"https:\/\/nhatrangdivingclub.com\/#organization\",\"name\":\"Nha Trang Diving\",\"url\":\"https:\/\/nhatrangdivingclub.com\/\",\"logo\":{\"@type\":\"ImageObject\",\"inLanguage\":\"vi\",\"@id\":\"https:\/\/nhatrangdivingclub.com\/#\/schema\/logo\/image\/\",\"url\":\"https:\/\/nhatrangdivingclub.com\/wp-content\/uploads\/2025\/11\/nhatrangdiving-logo.png\",\"contentUrl\":\"https:\/\/nhatrangdivingclub.com\/wp-content\/uploads\/2025\/11\/nhatrangdiving-logo.png\",\"width\":1536,\"height\":1536,\"caption\":\"Nha Trang Diving\"},\"image\":{\"@id\":\"https:\/\/nhatrangdivingclub.com\/#\/schema\/logo\/image\/\"}}]}<\/script>\n<!-- \/ Yoast SEO Premium plugin. -->","yoast_head_json":{"title":"Snorkeling Trip - Nha Trang Diving","robots":{"index":"index","follow":"follow","max-snippet":"max-snippet:-1","max-image-preview":"max-image-preview:large","max-video-preview":"max-video-preview:-1"},"canonical":"https:\/\/nhatrangdivingclub.com\/vi\/san-pham\/chuyen-di-lan-bien-o-phu-quoc\/","og_locale":"vi_VN","og_type":"article","og_title":"Snorkeling Trip","og_description":"Our Phu Quoc snorkeling trip is the ideal option for families, couples, and travelers who want a relaxing day on the ocean without diving. You will visit two snorkeling spots with warm, clear water and calm conditions perfect for beginners and children.","og_url":"https:\/\/nhatrangdivingclub.com\/vi\/san-pham\/chuyen-di-lan-bien-o-phu-quoc\/","og_site_name":"Nha Trang Diving","article_modified_time":"2026-03-30T09:20:42+00:00","og_image":[{"width":1920,"height":1280,"url":"https:\/\/nhatrangdivingclub.com\/wp-content\/uploads\/2025\/12\/Lifestyle-Image-1.jpg","type":"image\/jpeg"}],"twitter_card":"summary_large_image","twitter_misc":{"\u01af\u1edbc t\u00ednh th\u1eddi gian \u0111\u1ecdc":"1 ph\u00fat"},"schema":{"@context":"https:\/\/schema.org","@graph":[{"@type":"WebPage","@id":"https:\/\/nhatrangdivingclub.com\/product\/snorkeling-trip-phu-quoc\/","url":"https:\/\/nhatrangdivingclub.com\/product\/snorkeling-trip-phu-quoc\/","name":"Snorkeling Trip - Nha Trang Diving","isPartOf":{"@id":"https:\/\/nhatrangdivingclub.com\/#website"},"primaryImageOfPage":{"@id":"https:\/\/nhatrangdivingclub.com\/product\/snorkeling-trip-phu-quoc\/#primaryimage"},"image":{"@id":"https:\/\/nhatrangdivingclub.com\/product\/snorkeling-trip-phu-quoc\/#primaryimage"},"thumbnailUrl":"https:\/\/nhatrangdivingclub.com\/wp-content\/uploads\/2025\/12\/Lifestyle-Image-1.jpg","datePublished":"2025-12-08T09:36:39+00:00","dateModified":"2026-03-30T09:20:42+00:00","breadcrumb":{"@id":"https:\/\/nhatrangdivingclub.com\/product\/snorkeling-trip-phu-quoc\/#breadcrumb"},"inLanguage":"vi","potentialAction":[{"@type":"ReadAction","target":["https:\/\/nhatrangdivingclub.com\/product\/snorkeling-trip-phu-quoc\/"]}]},{"@type":"ImageObject","inLanguage":"vi","@id":"https:\/\/nhatrangdivingclub.com\/product\/snorkeling-trip-phu-quoc\/#primaryimage","url":"https:\/\/nhatrangdivingclub.com\/wp-content\/uploads\/2025\/12\/Lifestyle-Image-1.jpg","contentUrl":"https:\/\/nhatrangdivingclub.com\/wp-content\/uploads\/2025\/12\/Lifestyle-Image-1.jpg","width":1920,"height":1280},{"@type":"BreadcrumbList","@id":"https:\/\/nhatrangdivingclub.com\/product\/snorkeling-trip-phu-quoc\/#breadcrumb","itemListElement":[{"@type":"ListItem","position":1,"name":"Home","item":"https:\/\/nhatrangdivingclub.com\/"},{"@type":"ListItem","position":2,"name":"Shop","item":"https:\/\/nhatrangdivingclub.com\/?page_id=87"},{"@type":"ListItem","position":3,"name":"Snorkeling Trip"}]},{"@type":"WebSite","@id":"https:\/\/nhatrangdivingclub.com\/#website","url":"https:\/\/nhatrangdivingclub.com\/","name":"L\u1eb7n bi\u1ec3n Nha Trang","description":"","publisher":{"@id":"https:\/\/nhatrangdivingclub.com\/#organization"},"potentialAction":[{"@type":"SearchAction","target":{"@type":"EntryPoint","urlTemplate":"https:\/\/nhatrangdivingclub.com\/?s={search_term_string}"},"query-input":{"@type":"PropertyValueSpecification","valueRequired":true,"valueName":"search_term_string"}}],"inLanguage":"vi"},{"@type":"Organization","@id":"https:\/\/nhatrangdivingclub.com\/#organization","name":"L\u1eb7n bi\u1ec3n Nha Trang","url":"https:\/\/nhatrangdivingclub.com\/","logo":{"@type":"ImageObject","inLanguage":"vi","@id":"https:\/\/nhatrangdivingclub.com\/#\/schema\/logo\/image\/","url":"https:\/\/nhatrangdivingclub.com\/wp-content\/uploads\/2025\/11\/nhatrangdiving-logo.png","contentUrl":"https:\/\/nhatrangdivingclub.com\/wp-content\/uploads\/2025\/11\/nhatrangdiving-logo.png","width":1536,"height":1536,"caption":"Nha Trang Diving"},"image":{"@id":"https:\/\/nhatrangdivingclub.com\/#\/schema\/logo\/image\/"}}]}},"_links":{"self":[{"href":"https:\/\/nhatrangdivingclub.com\/vi\/wp-json\/wp\/v2\/product\/623","targetHints":{"allow":["GET"]}}],"collection":[{"href":"https:\/\/nhatrangdivingclub.com\/vi\/wp-json\/wp\/v2\/product"}],"about":[{"href":"https:\/\/nhatrangdivingclub.com\/vi\/wp-json\/wp\/v2\/types\/product"}],"replies":[{"embeddable":true,"href":"https:\/\/nhatrangdivingclub.com\/vi\/wp-json\/wp\/v2\/comments?post=623"}],"wp:featuredmedia":[{"embeddable":true,"href":"https:\/\/nhatrangdivingclub.com\/vi\/wp-json\/wp\/v2\/media\/390"}],"wp:attachment":[{"href":"https:\/\/nhatrangdivingclub.com\/vi\/wp-json\/wp\/v2\/media?parent=623"}],"wp:term":[{"taxonomy":"product_brand","embeddable":true,"href":"https:\/\/nhatrangdivingclub.com\/vi\/wp-json\/wp\/v2\/product_brand?post=623"},{"taxonomy":"product_cat","embeddable":true,"href":"https:\/\/nhatrangdivingclub.com\/vi\/wp-json\/wp\/v2\/product_cat?post=623"},{"taxonomy":"product_tag","embeddable":true,"href":"https:\/\/nhatrangdivingclub.com\/vi\/wp-json\/wp\/v2\/product_tag?post=623"}],"curies":[{"name":"wp","href":"https:\/\/api.w.org\/{rel}","templated":true}]}}