{"id":627,"date":"2025-12-08T16:57:21","date_gmt":"2025-12-08T09:57:21","guid":{"rendered":"https:\/\/diving.123websitedev.com\/?post_type=product&#038;p=627"},"modified":"2026-03-30T16:19:55","modified_gmt":"2026-03-30T09:19:55","slug":"lan-cho-tho-lan-duoc-chung-nhan-nha-trang","status":"publish","type":"product","link":"https:\/\/nhatrangdivingclub.com\/vi\/san-pham\/lan-cho-tho-lan-duoc-chung-nhan-nha-trang\/","title":{"rendered":"L\u1eb7n cho th\u1ee3 l\u1eb7n \u0111\u01b0\u1ee3c ch\u1ee9ng nh\u1eadn"},"content":{"rendered":"<p>C\u1ee7a ch\u00fang t\u00f4i <strong>Chuy\u1ebfn l\u1eb7n bi\u1ec3n th\u00fa v\u1ecb \u1edf Nha Trang<\/strong> l\u00e0 l\u1ef1a ch\u1ecdn h\u00e0ng \u0111\u1ea7u cho nh\u1eefng th\u1ee3 l\u1eb7n \u0111\u01b0\u1ee3c ch\u1ee9ng nh\u1eadn \u0111ang t\u00ecm ki\u1ebfm tr\u1ea3i nghi\u1ec7m l\u1eb7n d\u1ec5 d\u00e0ng, th\u01b0 gi\u00e3n v\u00e0 th\u00fa v\u1ecb c\u00f9ng h\u01b0\u1edbng d\u1eabn vi\u00ean gi\u00e0u kinh nghi\u1ec7m. Nha Trang n\u1ed5i ti\u1ebfng v\u1edbi \u0111i\u1ec1u ki\u1ec7n th\u1eddi ti\u1ebft \u00f4n h\u00f2a, r\u1ea1n san h\u00f4 n\u00f4ng v\u00e0 \u0111\u01b0\u1eddng \u0111i thu\u1eadn ti\u1ec7n \u2014 l\u00fd t\u01b0\u1edfng cho c\u1ea3 th\u1ee3 l\u1eb7n m\u1edbi \u0111\u01b0\u1ee3c ch\u1ee9ng nh\u1eadn v\u00e0 th\u1ee3 l\u1eb7n c\u00f3 kinh nghi\u1ec7m.<\/p>\n<p>\u0110\u00e2y l\u00e0 m\u1ed9t chuy\u1ebfn \u0111i tr\u1ecdn g\u00f3i bao g\u1ed3m xe \u0111\u01b0a \u0111\u00f3n, \u0111\u1ea7y \u0111\u1ee7 thi\u1ebft b\u1ecb, hai l\u1ea7n l\u1eb7n, b\u1eefa tr\u01b0a, \u0111\u1ed3 u\u1ed1ng v\u00e0 ph\u00ed l\u1eb7n bi\u1ec3n. H\u01b0\u1edbng d\u1eabn vi\u00ean l\u1eb7n c\u1ee7a ch\u00fang t\u00f4i s\u1ebd duy tr\u00ec c\u00e1c nh\u00f3m nh\u1ecf \u0111\u1ec3 \u0111\u1ea3m b\u1ea3o an to\u00e0n v\u00e0 tho\u1ea3i m\u00e1i, \u0111\u1ed3ng th\u1eddi \u0111i\u1ec1u ch\u1ec9nh k\u1ebf ho\u1ea1ch l\u1eb7n ph\u00f9 h\u1ee3p v\u1edbi kinh nghi\u1ec7m v\u00e0 tr\u00ecnh \u0111\u1ed9 ch\u1ee9ng nh\u1eadn c\u1ee7a b\u1ea1n.<\/p>","protected":false},"excerpt":{"rendered":"<p data-path-to-node=\"4\">C\u1ee7a ch\u00fang t\u00f4i <strong>Chuy\u1ebfn l\u1eb7n bi\u1ec3n th\u00fa v\u1ecb \u1edf Nha Trang<\/strong> l\u00e0 l\u1ef1a ch\u1ecdn h\u00e0ng \u0111\u1ea7u cho nh\u1eefng th\u1ee3 l\u1eb7n \u0111\u01b0\u1ee3c ch\u1ee9ng nh\u1eadn \u0111ang t\u00ecm ki\u1ebfm tr\u1ea3i nghi\u1ec7m l\u1eb7n d\u1ec5 d\u00e0ng, th\u01b0 gi\u00e3n v\u00e0 th\u00fa v\u1ecb c\u00f9ng h\u01b0\u1edbng d\u1eabn vi\u00ean gi\u00e0u kinh nghi\u1ec7m. Nha Trang n\u1ed5i ti\u1ebfng v\u1edbi \u0111i\u1ec1u ki\u1ec7n th\u1eddi ti\u1ebft \u00f4n h\u00f2a, r\u1ea1n san h\u00f4 n\u00f4ng v\u00e0 \u0111\u01b0\u1eddng \u0111i thu\u1eadn ti\u1ec7n \u2014 l\u00fd t\u01b0\u1edfng cho c\u1ea3 th\u1ee3 l\u1eb7n m\u1edbi \u0111\u01b0\u1ee3c ch\u1ee9ng nh\u1eadn v\u00e0 th\u1ee3 l\u1eb7n c\u00f3 kinh nghi\u1ec7m.<\/p>","protected":false},"featured_media":392,"comment_status":"closed","ping_status":"closed","template":"","meta":[],"product_brand":[],"product_cat":[29,23],"product_tag":[61,60],"class_list":{"0":"post-627","1":"product","2":"type-product","3":"status-publish","4":"has-post-thumbnail","6":"product_cat-nha-trang-trips","7":"product_cat-trips","8":"product_tag-diving-for-certified-divers","9":"product_tag-nha-trang","11":"first","12":"instock","13":"shipping-taxable","14":"product-type-variable"},"acf":[],"yoast_head":"<!-- This site is optimized with the Yoast SEO Premium plugin v25.6 (Yoast SEO v26.5) - https:\/\/yoast.com\/wordpress\/plugins\/seo\/ -->\n<title>Diving for certified divers - Nha Trang Diving<\/title>\n<meta name=\"robots\" content=\"index, follow, max-snippet:-1, max-image-preview:large, max-video-preview:-1\" \/>\n<link rel=\"canonical\" href=\"https:\/\/nhatrangdivingclub.com\/vi\/san-pham\/lan-cho-tho-lan-duoc-chung-nhan-nha-trang\/\" \/>\n<meta property=\"og:locale\" content=\"vi_VN\" \/>\n<meta property=\"og:type\" content=\"article\" \/>\n<meta property=\"og:title\" content=\"Diving for certified divers\" \/>\n<meta property=\"og:description\" content=\"Our Fun Diving Trip in Nha Trang is a top choice for certified divers looking for easy, relaxed, and enjoyable diving with experienced guides. Nha Trang is known for gentle conditions, shallow reefs, and convenient access \u2014 making it perfect for both newly certified and experienced divers.\" \/>\n<meta property=\"og:url\" content=\"https:\/\/nhatrangdivingclub.com\/vi\/san-pham\/lan-cho-tho-lan-duoc-chung-nhan-nha-trang\/\" \/>\n<meta property=\"og:site_name\" content=\"Nha Trang Diving\" \/>\n<meta property=\"article:modified_time\" content=\"2026-03-30T09:19:55+00:00\" \/>\n<meta property=\"og:image\" content=\"https:\/\/nhatrangdivingclub.com\/wp-content\/uploads\/2025\/12\/Lifestyle-Image-3.jpg\" \/>\n\t<meta property=\"og:image:width\" content=\"1920\" \/>\n\t<meta property=\"og:image:height\" content=\"1280\" \/>\n\t<meta property=\"og:image:type\" content=\"image\/jpeg\" \/>\n<meta name=\"twitter:card\" content=\"summary_large_image\" \/>\n<meta name=\"twitter:label1\" content=\"\u01af\u1edbc t\u00ednh th\u1eddi gian \u0111\u1ecdc\" \/>\n\t<meta name=\"twitter:data1\" content=\"1 ph\u00fat\" \/>\n<script type=\"application\/ld+json\" class=\"yoast-schema-graph\">{\"@context\":\"https:\/\/schema.org\",\"@graph\":[{\"@type\":\"WebPage\",\"@id\":\"https:\/\/nhatrangdivingclub.com\/product\/diving-for-certified-divers-nha-trang\/\",\"url\":\"https:\/\/nhatrangdivingclub.com\/product\/diving-for-certified-divers-nha-trang\/\",\"name\":\"Diving for certified divers - Nha Trang Diving\",\"isPartOf\":{\"@id\":\"https:\/\/nhatrangdivingclub.com\/#website\"},\"primaryImageOfPage\":{\"@id\":\"https:\/\/nhatrangdivingclub.com\/product\/diving-for-certified-divers-nha-trang\/#primaryimage\"},\"image\":{\"@id\":\"https:\/\/nhatrangdivingclub.com\/product\/diving-for-certified-divers-nha-trang\/#primaryimage\"},\"thumbnailUrl\":\"https:\/\/nhatrangdivingclub.com\/wp-content\/uploads\/2025\/12\/Lifestyle-Image-3.jpg\",\"datePublished\":\"2025-12-08T09:57:21+00:00\",\"dateModified\":\"2026-03-30T09:19:55+00:00\",\"breadcrumb\":{\"@id\":\"https:\/\/nhatrangdivingclub.com\/product\/diving-for-certified-divers-nha-trang\/#breadcrumb\"},\"inLanguage\":\"vi\",\"potentialAction\":[{\"@type\":\"ReadAction\",\"target\":[\"https:\/\/nhatrangdivingclub.com\/product\/diving-for-certified-divers-nha-trang\/\"]}]},{\"@type\":\"ImageObject\",\"inLanguage\":\"vi\",\"@id\":\"https:\/\/nhatrangdivingclub.com\/product\/diving-for-certified-divers-nha-trang\/#primaryimage\",\"url\":\"https:\/\/nhatrangdivingclub.com\/wp-content\/uploads\/2025\/12\/Lifestyle-Image-3.jpg\",\"contentUrl\":\"https:\/\/nhatrangdivingclub.com\/wp-content\/uploads\/2025\/12\/Lifestyle-Image-3.jpg\",\"width\":1920,\"height\":1280},{\"@type\":\"BreadcrumbList\",\"@id\":\"https:\/\/nhatrangdivingclub.com\/product\/diving-for-certified-divers-nha-trang\/#breadcrumb\",\"itemListElement\":[{\"@type\":\"ListItem\",\"position\":1,\"name\":\"Home\",\"item\":\"https:\/\/nhatrangdivingclub.com\/\"},{\"@type\":\"ListItem\",\"position\":2,\"name\":\"Shop\",\"item\":\"https:\/\/nhatrangdivingclub.com\/?page_id=87\"},{\"@type\":\"ListItem\",\"position\":3,\"name\":\"Diving for certified divers\"}]},{\"@type\":\"WebSite\",\"@id\":\"https:\/\/nhatrangdivingclub.com\/#website\",\"url\":\"https:\/\/nhatrangdivingclub.com\/\",\"name\":\"Nha Trang Diving\",\"description\":\"\",\"publisher\":{\"@id\":\"https:\/\/nhatrangdivingclub.com\/#organization\"},\"potentialAction\":[{\"@type\":\"SearchAction\",\"target\":{\"@type\":\"EntryPoint\",\"urlTemplate\":\"https:\/\/nhatrangdivingclub.com\/?s={search_term_string}\"},\"query-input\":{\"@type\":\"PropertyValueSpecification\",\"valueRequired\":true,\"valueName\":\"search_term_string\"}}],\"inLanguage\":\"vi\"},{\"@type\":\"Organization\",\"@id\":\"https:\/\/nhatrangdivingclub.com\/#organization\",\"name\":\"Nha Trang Diving\",\"url\":\"https:\/\/nhatrangdivingclub.com\/\",\"logo\":{\"@type\":\"ImageObject\",\"inLanguage\":\"vi\",\"@id\":\"https:\/\/nhatrangdivingclub.com\/#\/schema\/logo\/image\/\",\"url\":\"https:\/\/nhatrangdivingclub.com\/wp-content\/uploads\/2025\/11\/nhatrangdiving-logo.png\",\"contentUrl\":\"https:\/\/nhatrangdivingclub.com\/wp-content\/uploads\/2025\/11\/nhatrangdiving-logo.png\",\"width\":1536,\"height\":1536,\"caption\":\"Nha Trang Diving\"},\"image\":{\"@id\":\"https:\/\/nhatrangdivingclub.com\/#\/schema\/logo\/image\/\"}}]}<\/script>\n<!-- \/ Yoast SEO Premium plugin. -->","yoast_head_json":{"title":"Diving for certified divers - Nha Trang Diving","robots":{"index":"index","follow":"follow","max-snippet":"max-snippet:-1","max-image-preview":"max-image-preview:large","max-video-preview":"max-video-preview:-1"},"canonical":"https:\/\/nhatrangdivingclub.com\/vi\/san-pham\/lan-cho-tho-lan-duoc-chung-nhan-nha-trang\/","og_locale":"vi_VN","og_type":"article","og_title":"Diving for certified divers","og_description":"Our Fun Diving Trip in Nha Trang is a top choice for certified divers looking for easy, relaxed, and enjoyable diving with experienced guides. Nha Trang is known for gentle conditions, shallow reefs, and convenient access \u2014 making it perfect for both newly certified and experienced divers.","og_url":"https:\/\/nhatrangdivingclub.com\/vi\/san-pham\/lan-cho-tho-lan-duoc-chung-nhan-nha-trang\/","og_site_name":"Nha Trang Diving","article_modified_time":"2026-03-30T09:19:55+00:00","og_image":[{"width":1920,"height":1280,"url":"https:\/\/nhatrangdivingclub.com\/wp-content\/uploads\/2025\/12\/Lifestyle-Image-3.jpg","type":"image\/jpeg"}],"twitter_card":"summary_large_image","twitter_misc":{"\u01af\u1edbc t\u00ednh th\u1eddi gian \u0111\u1ecdc":"1 ph\u00fat"},"schema":{"@context":"https:\/\/schema.org","@graph":[{"@type":"WebPage","@id":"https:\/\/nhatrangdivingclub.com\/product\/diving-for-certified-divers-nha-trang\/","url":"https:\/\/nhatrangdivingclub.com\/product\/diving-for-certified-divers-nha-trang\/","name":"Diving for certified divers - Nha Trang Diving","isPartOf":{"@id":"https:\/\/nhatrangdivingclub.com\/#website"},"primaryImageOfPage":{"@id":"https:\/\/nhatrangdivingclub.com\/product\/diving-for-certified-divers-nha-trang\/#primaryimage"},"image":{"@id":"https:\/\/nhatrangdivingclub.com\/product\/diving-for-certified-divers-nha-trang\/#primaryimage"},"thumbnailUrl":"https:\/\/nhatrangdivingclub.com\/wp-content\/uploads\/2025\/12\/Lifestyle-Image-3.jpg","datePublished":"2025-12-08T09:57:21+00:00","dateModified":"2026-03-30T09:19:55+00:00","breadcrumb":{"@id":"https:\/\/nhatrangdivingclub.com\/product\/diving-for-certified-divers-nha-trang\/#breadcrumb"},"inLanguage":"vi","potentialAction":[{"@type":"ReadAction","target":["https:\/\/nhatrangdivingclub.com\/product\/diving-for-certified-divers-nha-trang\/"]}]},{"@type":"ImageObject","inLanguage":"vi","@id":"https:\/\/nhatrangdivingclub.com\/product\/diving-for-certified-divers-nha-trang\/#primaryimage","url":"https:\/\/nhatrangdivingclub.com\/wp-content\/uploads\/2025\/12\/Lifestyle-Image-3.jpg","contentUrl":"https:\/\/nhatrangdivingclub.com\/wp-content\/uploads\/2025\/12\/Lifestyle-Image-3.jpg","width":1920,"height":1280},{"@type":"BreadcrumbList","@id":"https:\/\/nhatrangdivingclub.com\/product\/diving-for-certified-divers-nha-trang\/#breadcrumb","itemListElement":[{"@type":"ListItem","position":1,"name":"Home","item":"https:\/\/nhatrangdivingclub.com\/"},{"@type":"ListItem","position":2,"name":"Shop","item":"https:\/\/nhatrangdivingclub.com\/?page_id=87"},{"@type":"ListItem","position":3,"name":"Diving for certified divers"}]},{"@type":"WebSite","@id":"https:\/\/nhatrangdivingclub.com\/#website","url":"https:\/\/nhatrangdivingclub.com\/","name":"L\u1eb7n bi\u1ec3n Nha Trang","description":"","publisher":{"@id":"https:\/\/nhatrangdivingclub.com\/#organization"},"potentialAction":[{"@type":"SearchAction","target":{"@type":"EntryPoint","urlTemplate":"https:\/\/nhatrangdivingclub.com\/?s={search_term_string}"},"query-input":{"@type":"PropertyValueSpecification","valueRequired":true,"valueName":"search_term_string"}}],"inLanguage":"vi"},{"@type":"Organization","@id":"https:\/\/nhatrangdivingclub.com\/#organization","name":"L\u1eb7n bi\u1ec3n Nha Trang","url":"https:\/\/nhatrangdivingclub.com\/","logo":{"@type":"ImageObject","inLanguage":"vi","@id":"https:\/\/nhatrangdivingclub.com\/#\/schema\/logo\/image\/","url":"https:\/\/nhatrangdivingclub.com\/wp-content\/uploads\/2025\/11\/nhatrangdiving-logo.png","contentUrl":"https:\/\/nhatrangdivingclub.com\/wp-content\/uploads\/2025\/11\/nhatrangdiving-logo.png","width":1536,"height":1536,"caption":"Nha Trang Diving"},"image":{"@id":"https:\/\/nhatrangdivingclub.com\/#\/schema\/logo\/image\/"}}]}},"_links":{"self":[{"href":"https:\/\/nhatrangdivingclub.com\/vi\/wp-json\/wp\/v2\/product\/627","targetHints":{"allow":["GET"]}}],"collection":[{"href":"https:\/\/nhatrangdivingclub.com\/vi\/wp-json\/wp\/v2\/product"}],"about":[{"href":"https:\/\/nhatrangdivingclub.com\/vi\/wp-json\/wp\/v2\/types\/product"}],"replies":[{"embeddable":true,"href":"https:\/\/nhatrangdivingclub.com\/vi\/wp-json\/wp\/v2\/comments?post=627"}],"wp:featuredmedia":[{"embeddable":true,"href":"https:\/\/nhatrangdivingclub.com\/vi\/wp-json\/wp\/v2\/media\/392"}],"wp:attachment":[{"href":"https:\/\/nhatrangdivingclub.com\/vi\/wp-json\/wp\/v2\/media?parent=627"}],"wp:term":[{"taxonomy":"product_brand","embeddable":true,"href":"https:\/\/nhatrangdivingclub.com\/vi\/wp-json\/wp\/v2\/product_brand?post=627"},{"taxonomy":"product_cat","embeddable":true,"href":"https:\/\/nhatrangdivingclub.com\/vi\/wp-json\/wp\/v2\/product_cat?post=627"},{"taxonomy":"product_tag","embeddable":true,"href":"https:\/\/nhatrangdivingclub.com\/vi\/wp-json\/wp\/v2\/product_tag?post=627"}],"curies":[{"name":"wp","href":"https:\/\/api.w.org\/{rel}","templated":true}]}}