{"id":629,"date":"2025-12-08T17:03:35","date_gmt":"2025-12-08T10:03:35","guid":{"rendered":"https:\/\/diving.123websitedev.com\/?post_type=product&#038;p=629"},"modified":"2026-04-08T10:34:12","modified_gmt":"2026-04-08T03:34:12","slug":"chuyen-di-lan-bien-nha-trang","status":"publish","type":"product","link":"https:\/\/nhatrangdivingclub.com\/vi\/san-pham\/chuyen-di-lan-bien-nha-trang\/","title":{"rendered":"Chuy\u1ebfn \u0111i l\u1eb7n bi\u1ec3n"},"content":{"rendered":"<p>C\u1ee7a ch\u00fang t\u00f4i <strong>Chuy\u1ebfn \u0111i l\u1eb7n bi\u1ec3n Nha Trang<\/strong> l\u00e0 m\u1ed9t c\u00e1ch th\u00fa v\u1ecb v\u00e0 th\u01b0 gi\u00e3n \u0111\u1ec3 kh\u00e1m ph\u00e1 b\u1edd bi\u1ec3n, ho\u00e0n h\u1ea3o cho gia \u0111\u00ecnh v\u00e0 du kh\u00e1ch mu\u1ed1n c\u00f3 m\u1ed9t ng\u00e0y th\u01b0 gi\u00e3n tr\u00ean bi\u1ec3n. B\u1ea1n s\u1ebd gh\u00e9 th\u0103m hai \u0111\u1ecba \u0111i\u1ec3m l\u1eb7n v\u1edbi \u1ed1ng th\u1edf v\u1edbi l\u00e0n n\u01b0\u1edbc \u1ea5m v\u00e0 \u0111i\u1ec1u ki\u1ec7n bi\u1ec3n \u00eam \u0111\u1ec1m, l\u00fd t\u01b0\u1edfng cho m\u1ecdi tr\u00ecnh \u0111\u1ed9.<\/p>\n<p>Ch\u00fang t\u00f4i cung c\u1ea5p \u0111\u1ea7y \u0111\u1ee7 thi\u1ebft b\u1ecb, \u00e1o phao, b\u1eefa tr\u01b0a, \u0111\u1ed3 u\u1ed1ng v\u00e0 xe \u0111\u01b0a \u0111\u00f3n. \u0110\u1ed9i ng\u0169 nh\u00e2n vi\u00ean th\u00e2n thi\u1ec7n c\u1ee7a ch\u00fang t\u00f4i s\u1ebd gi\u00fap ng\u01b0\u1eddi m\u1edbi b\u1eaft \u0111\u1ea7u xu\u1ed1ng n\u01b0\u1edbc an to\u00e0n v\u00e0 \u0111\u1ea3m b\u1ea3o m\u1ecdi ng\u01b0\u1eddi \u0111\u1ec1u c\u00f3 m\u1ed9t ng\u00e0y tho\u1ea3i m\u00e1i v\u00e0 vui v\u1ebb.<\/p>","protected":false},"excerpt":{"rendered":"<p data-path-to-node=\"4\">C\u1ee7a ch\u00fang t\u00f4i <strong>Chuy\u1ebfn \u0111i l\u1eb7n bi\u1ec3n Nha Trang<\/strong> l\u00e0 m\u1ed9t c\u00e1ch th\u00fa v\u1ecb v\u00e0 th\u01b0 gi\u00e3n \u0111\u1ec3 kh\u00e1m ph\u00e1 b\u1edd bi\u1ec3n, ho\u00e0n h\u1ea3o cho gia \u0111\u00ecnh v\u00e0 du kh\u00e1ch mu\u1ed1n c\u00f3 m\u1ed9t ng\u00e0y th\u01b0 gi\u00e3n tr\u00ean bi\u1ec3n. B\u1ea1n s\u1ebd gh\u00e9 th\u0103m hai \u0111\u1ecba \u0111i\u1ec3m l\u1eb7n v\u1edbi \u1ed1ng th\u1edf v\u1edbi l\u00e0n n\u01b0\u1edbc \u1ea5m v\u00e0 \u0111i\u1ec1u ki\u1ec7n bi\u1ec3n \u00eam \u0111\u1ec1m, l\u00fd t\u01b0\u1edfng cho m\u1ecdi tr\u00ecnh \u0111\u1ed9.<\/p>","protected":false},"featured_media":397,"comment_status":"closed","ping_status":"closed","template":"","meta":[],"product_brand":[],"product_cat":[29,23],"product_tag":[61,60],"class_list":{"0":"post-629","1":"product","2":"type-product","3":"status-publish","4":"has-post-thumbnail","6":"product_cat-nha-trang-trips","7":"product_cat-trips","8":"product_tag-diving-for-certified-divers","9":"product_tag-nha-trang","11":"first","12":"instock","13":"shipping-taxable","14":"product-type-variable"},"acf":[],"yoast_head":"<!-- This site is optimized with the Yoast SEO Premium plugin v25.6 (Yoast SEO v26.5) - https:\/\/yoast.com\/wordpress\/plugins\/seo\/ -->\n<title>Snorkeling Trip - Nha Trang Diving<\/title>\n<meta name=\"robots\" content=\"index, follow, max-snippet:-1, max-image-preview:large, max-video-preview:-1\" \/>\n<link rel=\"canonical\" href=\"https:\/\/nhatrangdivingclub.com\/vi\/san-pham\/chuyen-di-lan-bien-nha-trang\/\" \/>\n<meta property=\"og:locale\" content=\"vi_VN\" \/>\n<meta property=\"og:type\" content=\"article\" \/>\n<meta property=\"og:title\" content=\"Snorkeling Trip\" \/>\n<meta property=\"og:description\" content=\"Our Nha Trang snorkeling trip is a fun and relaxing way to explore the coastline, perfect for families and travelers who want an easy day on the sea. You will visit two snorkeling sites with warm water and calm conditions, ideal for all experience levels.\" \/>\n<meta property=\"og:url\" content=\"https:\/\/nhatrangdivingclub.com\/vi\/san-pham\/chuyen-di-lan-bien-nha-trang\/\" \/>\n<meta property=\"og:site_name\" content=\"Nha Trang Diving\" \/>\n<meta property=\"article:modified_time\" content=\"2026-04-08T03:34:12+00:00\" \/>\n<meta property=\"og:image\" content=\"https:\/\/nhatrangdivingclub.com\/wp-content\/uploads\/2025\/12\/Lifestyle-Image.jpg\" \/>\n\t<meta property=\"og:image:width\" content=\"1920\" \/>\n\t<meta property=\"og:image:height\" content=\"1280\" \/>\n\t<meta property=\"og:image:type\" content=\"image\/jpeg\" \/>\n<meta name=\"twitter:card\" content=\"summary_large_image\" \/>\n<meta name=\"twitter:label1\" content=\"\u01af\u1edbc t\u00ednh th\u1eddi gian \u0111\u1ecdc\" \/>\n\t<meta name=\"twitter:data1\" content=\"1 ph\u00fat\" \/>\n<script type=\"application\/ld+json\" class=\"yoast-schema-graph\">{\"@context\":\"https:\/\/schema.org\",\"@graph\":[{\"@type\":\"WebPage\",\"@id\":\"https:\/\/nhatrangdivingclub.com\/product\/snorkeling-trip-nha-trang\/\",\"url\":\"https:\/\/nhatrangdivingclub.com\/product\/snorkeling-trip-nha-trang\/\",\"name\":\"Snorkeling Trip - Nha Trang Diving\",\"isPartOf\":{\"@id\":\"https:\/\/nhatrangdivingclub.com\/#website\"},\"primaryImageOfPage\":{\"@id\":\"https:\/\/nhatrangdivingclub.com\/product\/snorkeling-trip-nha-trang\/#primaryimage\"},\"image\":{\"@id\":\"https:\/\/nhatrangdivingclub.com\/product\/snorkeling-trip-nha-trang\/#primaryimage\"},\"thumbnailUrl\":\"https:\/\/nhatrangdivingclub.com\/wp-content\/uploads\/2025\/12\/Lifestyle-Image.jpg\",\"datePublished\":\"2025-12-08T10:03:35+00:00\",\"dateModified\":\"2026-04-08T03:34:12+00:00\",\"breadcrumb\":{\"@id\":\"https:\/\/nhatrangdivingclub.com\/product\/snorkeling-trip-nha-trang\/#breadcrumb\"},\"inLanguage\":\"vi\",\"potentialAction\":[{\"@type\":\"ReadAction\",\"target\":[\"https:\/\/nhatrangdivingclub.com\/product\/snorkeling-trip-nha-trang\/\"]}]},{\"@type\":\"ImageObject\",\"inLanguage\":\"vi\",\"@id\":\"https:\/\/nhatrangdivingclub.com\/product\/snorkeling-trip-nha-trang\/#primaryimage\",\"url\":\"https:\/\/nhatrangdivingclub.com\/wp-content\/uploads\/2025\/12\/Lifestyle-Image.jpg\",\"contentUrl\":\"https:\/\/nhatrangdivingclub.com\/wp-content\/uploads\/2025\/12\/Lifestyle-Image.jpg\",\"width\":1920,\"height\":1280},{\"@type\":\"BreadcrumbList\",\"@id\":\"https:\/\/nhatrangdivingclub.com\/product\/snorkeling-trip-nha-trang\/#breadcrumb\",\"itemListElement\":[{\"@type\":\"ListItem\",\"position\":1,\"name\":\"Home\",\"item\":\"https:\/\/nhatrangdivingclub.com\/\"},{\"@type\":\"ListItem\",\"position\":2,\"name\":\"Shop\",\"item\":\"https:\/\/nhatrangdivingclub.com\/?page_id=87\"},{\"@type\":\"ListItem\",\"position\":3,\"name\":\"Snorkeling Trip\"}]},{\"@type\":\"WebSite\",\"@id\":\"https:\/\/nhatrangdivingclub.com\/#website\",\"url\":\"https:\/\/nhatrangdivingclub.com\/\",\"name\":\"Nha Trang Diving\",\"description\":\"\",\"publisher\":{\"@id\":\"https:\/\/nhatrangdivingclub.com\/#organization\"},\"potentialAction\":[{\"@type\":\"SearchAction\",\"target\":{\"@type\":\"EntryPoint\",\"urlTemplate\":\"https:\/\/nhatrangdivingclub.com\/?s={search_term_string}\"},\"query-input\":{\"@type\":\"PropertyValueSpecification\",\"valueRequired\":true,\"valueName\":\"search_term_string\"}}],\"inLanguage\":\"vi\"},{\"@type\":\"Organization\",\"@id\":\"https:\/\/nhatrangdivingclub.com\/#organization\",\"name\":\"Nha Trang Diving\",\"url\":\"https:\/\/nhatrangdivingclub.com\/\",\"logo\":{\"@type\":\"ImageObject\",\"inLanguage\":\"vi\",\"@id\":\"https:\/\/nhatrangdivingclub.com\/#\/schema\/logo\/image\/\",\"url\":\"https:\/\/nhatrangdivingclub.com\/wp-content\/uploads\/2025\/11\/nhatrangdiving-logo.png\",\"contentUrl\":\"https:\/\/nhatrangdivingclub.com\/wp-content\/uploads\/2025\/11\/nhatrangdiving-logo.png\",\"width\":1536,\"height\":1536,\"caption\":\"Nha Trang Diving\"},\"image\":{\"@id\":\"https:\/\/nhatrangdivingclub.com\/#\/schema\/logo\/image\/\"}}]}<\/script>\n<!-- \/ Yoast SEO Premium plugin. -->","yoast_head_json":{"title":"Snorkeling Trip - Nha Trang Diving","robots":{"index":"index","follow":"follow","max-snippet":"max-snippet:-1","max-image-preview":"max-image-preview:large","max-video-preview":"max-video-preview:-1"},"canonical":"https:\/\/nhatrangdivingclub.com\/vi\/san-pham\/chuyen-di-lan-bien-nha-trang\/","og_locale":"vi_VN","og_type":"article","og_title":"Snorkeling Trip","og_description":"Our Nha Trang snorkeling trip is a fun and relaxing way to explore the coastline, perfect for families and travelers who want an easy day on the sea. You will visit two snorkeling sites with warm water and calm conditions, ideal for all experience levels.","og_url":"https:\/\/nhatrangdivingclub.com\/vi\/san-pham\/chuyen-di-lan-bien-nha-trang\/","og_site_name":"Nha Trang Diving","article_modified_time":"2026-04-08T03:34:12+00:00","og_image":[{"width":1920,"height":1280,"url":"https:\/\/nhatrangdivingclub.com\/wp-content\/uploads\/2025\/12\/Lifestyle-Image.jpg","type":"image\/jpeg"}],"twitter_card":"summary_large_image","twitter_misc":{"\u01af\u1edbc t\u00ednh th\u1eddi gian \u0111\u1ecdc":"1 ph\u00fat"},"schema":{"@context":"https:\/\/schema.org","@graph":[{"@type":"WebPage","@id":"https:\/\/nhatrangdivingclub.com\/product\/snorkeling-trip-nha-trang\/","url":"https:\/\/nhatrangdivingclub.com\/product\/snorkeling-trip-nha-trang\/","name":"Snorkeling Trip - Nha Trang Diving","isPartOf":{"@id":"https:\/\/nhatrangdivingclub.com\/#website"},"primaryImageOfPage":{"@id":"https:\/\/nhatrangdivingclub.com\/product\/snorkeling-trip-nha-trang\/#primaryimage"},"image":{"@id":"https:\/\/nhatrangdivingclub.com\/product\/snorkeling-trip-nha-trang\/#primaryimage"},"thumbnailUrl":"https:\/\/nhatrangdivingclub.com\/wp-content\/uploads\/2025\/12\/Lifestyle-Image.jpg","datePublished":"2025-12-08T10:03:35+00:00","dateModified":"2026-04-08T03:34:12+00:00","breadcrumb":{"@id":"https:\/\/nhatrangdivingclub.com\/product\/snorkeling-trip-nha-trang\/#breadcrumb"},"inLanguage":"vi","potentialAction":[{"@type":"ReadAction","target":["https:\/\/nhatrangdivingclub.com\/product\/snorkeling-trip-nha-trang\/"]}]},{"@type":"ImageObject","inLanguage":"vi","@id":"https:\/\/nhatrangdivingclub.com\/product\/snorkeling-trip-nha-trang\/#primaryimage","url":"https:\/\/nhatrangdivingclub.com\/wp-content\/uploads\/2025\/12\/Lifestyle-Image.jpg","contentUrl":"https:\/\/nhatrangdivingclub.com\/wp-content\/uploads\/2025\/12\/Lifestyle-Image.jpg","width":1920,"height":1280},{"@type":"BreadcrumbList","@id":"https:\/\/nhatrangdivingclub.com\/product\/snorkeling-trip-nha-trang\/#breadcrumb","itemListElement":[{"@type":"ListItem","position":1,"name":"Home","item":"https:\/\/nhatrangdivingclub.com\/"},{"@type":"ListItem","position":2,"name":"Shop","item":"https:\/\/nhatrangdivingclub.com\/?page_id=87"},{"@type":"ListItem","position":3,"name":"Snorkeling Trip"}]},{"@type":"WebSite","@id":"https:\/\/nhatrangdivingclub.com\/#website","url":"https:\/\/nhatrangdivingclub.com\/","name":"L\u1eb7n bi\u1ec3n Nha Trang","description":"","publisher":{"@id":"https:\/\/nhatrangdivingclub.com\/#organization"},"potentialAction":[{"@type":"SearchAction","target":{"@type":"EntryPoint","urlTemplate":"https:\/\/nhatrangdivingclub.com\/?s={search_term_string}"},"query-input":{"@type":"PropertyValueSpecification","valueRequired":true,"valueName":"search_term_string"}}],"inLanguage":"vi"},{"@type":"Organization","@id":"https:\/\/nhatrangdivingclub.com\/#organization","name":"L\u1eb7n bi\u1ec3n Nha Trang","url":"https:\/\/nhatrangdivingclub.com\/","logo":{"@type":"ImageObject","inLanguage":"vi","@id":"https:\/\/nhatrangdivingclub.com\/#\/schema\/logo\/image\/","url":"https:\/\/nhatrangdivingclub.com\/wp-content\/uploads\/2025\/11\/nhatrangdiving-logo.png","contentUrl":"https:\/\/nhatrangdivingclub.com\/wp-content\/uploads\/2025\/11\/nhatrangdiving-logo.png","width":1536,"height":1536,"caption":"Nha Trang Diving"},"image":{"@id":"https:\/\/nhatrangdivingclub.com\/#\/schema\/logo\/image\/"}}]}},"_links":{"self":[{"href":"https:\/\/nhatrangdivingclub.com\/vi\/wp-json\/wp\/v2\/product\/629","targetHints":{"allow":["GET"]}}],"collection":[{"href":"https:\/\/nhatrangdivingclub.com\/vi\/wp-json\/wp\/v2\/product"}],"about":[{"href":"https:\/\/nhatrangdivingclub.com\/vi\/wp-json\/wp\/v2\/types\/product"}],"replies":[{"embeddable":true,"href":"https:\/\/nhatrangdivingclub.com\/vi\/wp-json\/wp\/v2\/comments?post=629"}],"wp:featuredmedia":[{"embeddable":true,"href":"https:\/\/nhatrangdivingclub.com\/vi\/wp-json\/wp\/v2\/media\/397"}],"wp:attachment":[{"href":"https:\/\/nhatrangdivingclub.com\/vi\/wp-json\/wp\/v2\/media?parent=629"}],"wp:term":[{"taxonomy":"product_brand","embeddable":true,"href":"https:\/\/nhatrangdivingclub.com\/vi\/wp-json\/wp\/v2\/product_brand?post=629"},{"taxonomy":"product_cat","embeddable":true,"href":"https:\/\/nhatrangdivingclub.com\/vi\/wp-json\/wp\/v2\/product_cat?post=629"},{"taxonomy":"product_tag","embeddable":true,"href":"https:\/\/nhatrangdivingclub.com\/vi\/wp-json\/wp\/v2\/product_tag?post=629"}],"curies":[{"name":"wp","href":"https:\/\/api.w.org\/{rel}","templated":true}]}}